{"id":2154,"date":"2026-05-10T19:05:00","date_gmt":"2026-05-10T16:05:00","guid":{"rendered":"https:\/\/www.tiittalankartano.fi\/?page_id=2154"},"modified":"2026-05-10T19:13:22","modified_gmt":"2026-05-10T16:13:22","slug":"sulkavan-soutustadion","status":"publish","type":"page","link":"https:\/\/www.tiittalankartano.fi\/en\/sulkavan-soutustadion\/","title":{"rendered":"Soutupaviljonki \u2013 Soutupit\u00e4j\u00e4n sykkiv\u00e4 syd\u00e4n Sulkavan Soutustadionilla"},"content":{"rendered":"","protected":false},"excerpt":{"rendered":"<p>Saunakeskus Lempe\u00e4ss\u00e4 suomalainen j\u00e4rviluonto, sauna, kulttuuri ja muotoilu kohtaavat ja kutsuvat pys\u00e4htym\u00e4\u00e4n. Sulkavalla Saimaan rannalla sijaitseva Lempe\u00e4 tarjoaa hetki\u00e4, joissa kiire v\u00e4istyy ja tilalle tulee rentous, l\u00e4mp\u00f6 ja l\u00e4sn\u00e4olo.<\/p>","protected":false},"author":1,"featured_media":2071,"parent":0,"menu_order":0,"comment_status":"closed","ping_status":"closed","template":"","meta":{"footnotes":""},"class_list":["post-2154","page","type-page","status-publish","has-post-thumbnail","hentry"],"_links":{"self":[{"href":"https:\/\/www.tiittalankartano.fi\/en\/wp-json\/wp\/v2\/pages\/2154","targetHints":{"allow":["GET"]}}],"collection":[{"href":"https:\/\/www.tiittalankartano.fi\/en\/wp-json\/wp\/v2\/pages"}],"about":[{"href":"https:\/\/www.tiittalankartano.fi\/en\/wp-json\/wp\/v2\/types\/page"}],"author":[{"embeddable":true,"href":"https:\/\/www.tiittalankartano.fi\/en\/wp-json\/wp\/v2\/users\/1"}],"replies":[{"embeddable":true,"href":"https:\/\/www.tiittalankartano.fi\/en\/wp-json\/wp\/v2\/comments?post=2154"}],"version-history":[{"count":1,"href":"https:\/\/www.tiittalankartano.fi\/en\/wp-json\/wp\/v2\/pages\/2154\/revisions"}],"predecessor-version":[{"id":2155,"href":"https:\/\/www.tiittalankartano.fi\/en\/wp-json\/wp\/v2\/pages\/2154\/revisions\/2155"}],"wp:featuredmedia":[{"embeddable":true,"href":"https:\/\/www.tiittalankartano.fi\/en\/wp-json\/wp\/v2\/media\/2071"}],"wp:attachment":[{"href":"https:\/\/www.tiittalankartano.fi\/en\/wp-json\/wp\/v2\/media?parent=2154"}],"curies":[{"name":"wp","href":"https:\/\/api.w.org\/{rel}","templated":true}]}}