{"id":2070,"date":"2026-04-16T10:08:03","date_gmt":"2026-04-16T07:08:03","guid":{"rendered":"https:\/\/www.tiittalankartano.fi\/?page_id=2070"},"modified":"2026-04-16T12:02:16","modified_gmt":"2026-04-16T09:02:16","slug":"saunamaailma-lempea","status":"publish","type":"page","link":"https:\/\/www.tiittalankartano.fi\/en\/saunamaailma-lempea\/","title":{"rendered":"Saunakeskus Lempe\u00e4 \u2014 Aisti Saimaa"},"content":{"rendered":"","protected":false},"excerpt":{"rendered":"<p>Saunakeskus Lempe\u00e4ss\u00e4 suomalainen j\u00e4rviluonto, sauna, kulttuuri ja muotoilu kohtaavat ja kutsuvat pys\u00e4htym\u00e4\u00e4n. Sulkavalla Saimaan rannalla sijaitseva Lempe\u00e4 tarjoaa hetki\u00e4, joissa kiire v\u00e4istyy ja tilalle tulee rentous, l\u00e4mp\u00f6 ja l\u00e4sn\u00e4olo.<\/p>","protected":false},"author":1,"featured_media":2071,"parent":0,"menu_order":0,"comment_status":"closed","ping_status":"closed","template":"","meta":{"footnotes":""},"class_list":["post-2070","page","type-page","status-publish","has-post-thumbnail","hentry"],"_links":{"self":[{"href":"https:\/\/www.tiittalankartano.fi\/en\/wp-json\/wp\/v2\/pages\/2070","targetHints":{"allow":["GET"]}}],"collection":[{"href":"https:\/\/www.tiittalankartano.fi\/en\/wp-json\/wp\/v2\/pages"}],"about":[{"href":"https:\/\/www.tiittalankartano.fi\/en\/wp-json\/wp\/v2\/types\/page"}],"author":[{"embeddable":true,"href":"https:\/\/www.tiittalankartano.fi\/en\/wp-json\/wp\/v2\/users\/1"}],"replies":[{"embeddable":true,"href":"https:\/\/www.tiittalankartano.fi\/en\/wp-json\/wp\/v2\/comments?post=2070"}],"version-history":[{"count":1,"href":"https:\/\/www.tiittalankartano.fi\/en\/wp-json\/wp\/v2\/pages\/2070\/revisions"}],"predecessor-version":[{"id":2072,"href":"https:\/\/www.tiittalankartano.fi\/en\/wp-json\/wp\/v2\/pages\/2070\/revisions\/2072"}],"wp:featuredmedia":[{"embeddable":true,"href":"https:\/\/www.tiittalankartano.fi\/en\/wp-json\/wp\/v2\/media\/2071"}],"wp:attachment":[{"href":"https:\/\/www.tiittalankartano.fi\/en\/wp-json\/wp\/v2\/media?parent=2070"}],"curies":[{"name":"wp","href":"https:\/\/api.w.org\/{rel}","templated":true}]}}